{"id":24032,"date":"2024-03-20T08:23:03","date_gmt":"2024-03-20T07:23:03","guid":{"rendered":"https:\/\/www.azvo.hr\/?page_id=24032"},"modified":"2024-07-04T11:36:07","modified_gmt":"2024-07-04T09:36:07","slug":"offices-for-academic-recognition-of-foreign-higher-qualifications","status":"publish","type":"page","link":"https:\/\/www.azvo.hr\/en\/offices-for-academic-recognition-of-foreign-higher-qualifications\/","title":{"rendered":"Offices for Academic Recognition of Foreign Higher Qualifications"},"content":{"rendered":"<p class=\"mb-10 text-base leading-normal\">\n  \n<strong>University of Zagreb<\/strong>\n\n<\/p>\n\n\n<p class=\"mb-10 text-base leading-normal\">\n  \n<a href=\"http:\/\/www.unizg.hr\/homepage\/study-at-the-university-of-zagreb\/academic-recognition-of-foreign-higher-education-qualifications\/\">Office for Academic Recognition of Foreign Higher Qualifications<\/a>\n\n<\/p>\n\n\n<p class=\"mb-10 text-base leading-normal\">\n  \nUlica Radoslava Cimermana 88, HR \u2013 10000 Zagreb\n\n<\/p>\n\n\n<p class=\"mb-10 text-base leading-normal\">\n  \ntel: 01 4564 180, 01 4564 272\n\n<\/p>\n\n\n<p class=\"mb-10 text-base leading-normal\">\n  \ne-mail:<a href=\"mailto:akadured@unizg.hr\">akadured@unizg.hr<\/a>\n\n<\/p>\n\n\n<p class=\"mb-10 text-base leading-normal\">\n  \ncontact: Davor Mavri\u0107\n\n<\/p>\n\n\n<p class=\"mb-10 text-base leading-normal\">\n  \n<strong>Josip Juraj Strossmayer University of Osijek<\/strong>\n\n<\/p>\n\n\n<p class=\"mb-10 text-base leading-normal\">\n  \n<a href=\"http:\/\/www.unios.hr\/kvaliteta\/en\/activities\/academic-recognition-of-foreign-higher-education-qualifications\/\">Office for Academic Recognition of Foreign Higher Qualifications<\/a>\n\n<\/p>\n\n\n<p class=\"mb-10 text-base leading-normal\">\n  \nCara Hadrijana 10c, 31000 Osijek,\n\n<\/p>\n\n\n<p class=\"mb-10 text-base leading-normal\">\n  \ntel: 031 224 183, 031 224 184\n\n<\/p>\n\n\n<p class=\"mb-10 text-base leading-normal\">\n  \ne-mail:<a href=\"mailto:akademsko.priznavanje@unios.hr\">akademsko.priznavanje@unios.hr<\/a>\n\n<\/p>\n\n\n<p class=\"mb-10 text-base leading-normal\">\n  \ncontact: Marina Koljenko, Dubravka Trampus\n\n<\/p>\n\n\n<p class=\"mb-10 text-base leading-normal\">\n  \n<strong>University of Rijeka<\/strong>\n\n<\/p>\n\n\n<p class=\"mb-10 text-base leading-normal\">\n  \n<a href=\"https:\/\/uniri.hr\/en\/studies\/academic-recognition-of-foreign-higher-education-qualifications-office\/\">Office for Academic Recognition of Foreign Higher Qualifications<\/a>\n\n<\/p>\n\n\n<p class=\"mb-10 text-base leading-normal\">\n  \nTrg bra\u0107e Ma\u017eurani\u0107a 10, 51000 Rijeka\n\n<\/p>\n\n\n<p class=\"mb-10 text-base leading-normal\">\n  \ntel:&nbsp; 051 584&nbsp; 856, fax: 051 406 585\n\n<\/p>\n\n\n<p class=\"mb-10 text-base leading-normal\">\n  \ne-mail:<a href=\"mailto:andrea@uniri.hr\">andrea@uniri.hr<\/a>\n\n<\/p>\n\n\n<p class=\"mb-10 text-base leading-normal\">\n  \ncontact: Andrea Mio\u010di\u0107, prof.\n\n<\/p>\n\n\n<p class=\"mb-10 text-base leading-normal\">\n  \n<strong>Univeristy of Zadar<\/strong>\n\n<\/p>\n\n\n<p class=\"mb-10 text-base leading-normal\">\n  \n<a href=\"https:\/\/www.unizd.hr\/eng\/about-us\/organisation\/rectorate\/academic-recognition-office\">Office for Academic Recognition of Foreign Higher Qualifications<\/a>\n\n<\/p>\n\n\n<p class=\"mb-10 text-base leading-normal\">\n  \nMihovila Pavlinovi\u0107a 1, 23000 Zadar\n\n<\/p>\n\n\n<p class=\"mb-10 text-base leading-normal\">\n  \ntel: 023 200 596, fax: 023 316 882\n\n<\/p>\n\n\n<p class=\"mb-10 text-base leading-normal\">\n  \ne-mail:<a href=\"mailto:pkalmeta@unizd.hr\">pkalmeta@unizd.hr<\/a>\n\n<\/p>\n\n\n<p class=\"mb-10 text-base leading-normal\">\n  \ncontact: Paola Bajlo Kalmeta, prof.\n\n<\/p>\n\n\n<p class=\"mb-10 text-base leading-normal\">\n  \n<strong>Juraj Dobrila University of Pula<\/strong><br><a href=\"https:\/\/www.unipu.hr\/ured_za_studente_i_obrazovne_programe\/akademsko_priznavanje\">Office for Academic Recognition of Foreign Higher Qualifications<\/a>\n\n<\/p>\n\n\n<p class=\"mb-10 text-base leading-normal\">\n  \nSveu\u010dili\u0161te Jurja Dobrile u Puli &#8211; rektorat, Zagreba\u010dka 30, 52100 Pula\n\n<\/p>\n\n\n<p class=\"mb-10 text-base leading-normal\">\n  \ntel: 052 377 000, &nbsp;fax: 052 216 416\n\n<\/p>\n\n\n<p class=\"mb-10 text-base leading-normal\">\n  \ne-mail:<a href=\"mailto:ured@unipu.hr\">ured@unipu.hr<\/a>\n\n<\/p>\n\n\n<p class=\"mb-10 text-base leading-normal\">\n  \ncontact: prof. dr. sc. Ines Kersan-\u0160kabi\u0107\n\n<\/p>\n\n\n<p class=\"mb-10 text-base leading-normal\">\n  \n<strong>University of Split<\/strong>\n\n<\/p>\n\n\n<p class=\"mb-10 text-base leading-normal\">\n  \n<a href=\"http:\/\/www.unist.hr\/studiji-i-nastava\/dokumenti?EntryId=399#file-list\">Office for Academic Recognition of Foreign Higher Qualifications<\/a>\n\n<\/p>\n\n\n<p class=\"mb-10 text-base leading-normal\">\n  \nRu\u0111era Bo\u0161kovi\u0107a 31,&nbsp; 21000 Split\n\n<\/p>\n\n\n<p class=\"mb-10 text-base leading-normal\">\n  \ntel: 021 558 264\n\n<\/p>\n\n\n<p class=\"mb-10 text-base leading-normal\">\n  \ne-mail:&nbsp;<a href=\"mailto:ivana.bradaric.gugic@unist.hr\"><\/a><a href=\"mailto:ivana.bradaric.gugic@unist.hr\">ivana.bradaric.gugic@unist.hr<\/a>\n\n<\/p>\n\n\n<p class=\"mb-10 text-base leading-normal\">\n  \ncontact: Ivana Bradari\u0107 Gugi\u0107\n\n<\/p>\n\n\n<p class=\"mb-10 text-base leading-normal\">\n  \n<strong>University of Dubrovnik<\/strong>\n\n<\/p>\n\n\n<p class=\"mb-10 text-base leading-normal\">\n  \n<a href=\"https:\/\/www.unidu.hr\/akademsko-priznavanje-visokoskolskih-kvalifikacija\/\">International Relations Office<\/a>\n\n<\/p>\n\n\n<p class=\"mb-10 text-base leading-normal\">\n  \nBranitelja Dubrovnika 29, 20000 Dubrovnik\n\n<\/p>\n\n\n<p class=\"mb-10 text-base leading-normal\">\n  \ntel: 020 446 041, fax: 020 435 590\n\n<\/p>\n\n\n<p class=\"mb-10 text-base leading-normal\">\n  \ne-mail:<a href=\"mailto:international@unidu.hr\">international@unidu.hr<\/a>\n\n<\/p>\n\n\n<p class=\"mb-10 text-base leading-normal\">\n  \ncontact: Sandra Memuni\u0107\n\n<\/p>\n\n\n<p class=\"mb-10 text-base leading-normal\">\n  \n<strong>University North<\/strong>\n\n<\/p>\n\n\n<p class=\"mb-10 text-base leading-normal\">\n  \n<a href=\"https:\/\/www.unin.hr\/upisi\/akademsko-priznavanje\/ured-i-kontakt\/\">Office for Academic Recognition of Foreign Higher Qualifications<\/a>\n\n<\/p>\n\n\n<p class=\"mb-10 text-base leading-normal\">\n  \nSveu\u010dili\u0161ni centar Vara\u017edin\n\n<\/p>\n\n\n<p class=\"mb-10 text-base leading-normal\">\n  \n104. brigade 3\n\n<\/p>\n\n\n<p class=\"mb-10 text-base leading-normal\">\n  \n42 000 Vara\u017edin\n\n<\/p>\n\n\n<p class=\"mb-10 text-base leading-normal\">\n  \nUNIN-1, room number 37\n\n<\/p>\n\n\n<p class=\"mb-10 text-base leading-normal\">\n  \ntel: 042\/493-392\n\n<\/p>\n\n\n<p class=\"mb-10 text-base leading-normal\">\n  \ne-mail:&nbsp;<a href=\"mailto:akademsko.priznavanje@unin.hr\"><\/a><a href=\"mailto:akademsko.priznavanje@unin.hr\">akademsko.priznavanje@unin.hr<\/a>\n\n<\/p>\n\n\n<p class=\"mb-10 text-base leading-normal\">\n  \ncontact: Nikolina Topolko, mag. iur.\n\n<\/p>\n","protected":false},"excerpt":{"rendered":"<p>University of Zagreb Office for Academic Recognition of Foreign Higher Qualifications Ulica Radoslava Cimermana 88, HR \u2013 10000 Zagreb tel: 01 4564 180, 01 4564 272 e-mail:akadured@unizg.hr contact: Davor Mavri\u0107 Josip Juraj Strossmayer University of Osijek Office for Academic Recognition of Foreign Higher Qualifications Cara Hadrijana 10c, 31000 Osijek, tel: 031 224 183, 031 224 &hellip; <a href=\"https:\/\/www.azvo.hr\/en\/offices-for-academic-recognition-of-foreign-higher-qualifications\/\">Continued<\/a><\/p>\n","protected":false},"author":174,"featured_media":0,"parent":0,"menu_order":0,"comment_status":"closed","ping_status":"closed","template":"templates\/simple.blade.php","meta":{"_acf_changed":false,"inline_featured_image":false,"footnotes":""},"acf":[],"yoast_head":"<!-- This site is optimized with the Yoast SEO plugin v22.4 - https:\/\/yoast.com\/wordpress\/plugins\/seo\/ -->\n<title>Offices for Academic Recognition of Foreign Higher Qualifications - AZVO<\/title>\n<meta name=\"robots\" content=\"index, follow, max-snippet:-1, max-image-preview:large, max-video-preview:-1\" \/>\n<link rel=\"canonical\" href=\"https:\/\/www.azvo.hr\/en\/offices-for-academic-recognition-of-foreign-higher-qualifications\/\" \/>\n<meta property=\"og:locale\" content=\"en_GB\" \/>\n<meta property=\"og:type\" content=\"article\" \/>\n<meta property=\"og:title\" content=\"Offices for Academic Recognition of Foreign Higher Qualifications - AZVO\" \/>\n<meta property=\"og:description\" content=\"University of Zagreb Office for Academic Recognition of Foreign Higher Qualifications Ulica Radoslava Cimermana 88, HR \u2013 10000 Zagreb tel: 01 4564 180, 01 4564 272 e-mail:akadured@unizg.hr contact: Davor Mavri\u0107 Josip Juraj Strossmayer University of Osijek Office for Academic Recognition of Foreign Higher Qualifications Cara Hadrijana 10c, 31000 Osijek, tel: 031 224 183, 031 224 &hellip; Continued\" \/>\n<meta property=\"og:url\" content=\"https:\/\/www.azvo.hr\/en\/offices-for-academic-recognition-of-foreign-higher-qualifications\/\" \/>\n<meta property=\"og:site_name\" content=\"AZVO\" \/>\n<meta property=\"article:modified_time\" content=\"2024-07-04T09:36:07+00:00\" \/>\n<meta name=\"twitter:card\" content=\"summary_large_image\" \/>\n<meta name=\"twitter:label1\" content=\"Estimated reading time\" \/>\n\t<meta name=\"twitter:data1\" content=\"2 minutes\" \/>\n<script type=\"application\/ld+json\" class=\"yoast-schema-graph\">{\"@context\":\"https:\/\/schema.org\",\"@graph\":[{\"@type\":\"WebPage\",\"@id\":\"https:\/\/www.azvo.hr\/en\/offices-for-academic-recognition-of-foreign-higher-qualifications\/\",\"url\":\"https:\/\/www.azvo.hr\/en\/offices-for-academic-recognition-of-foreign-higher-qualifications\/\",\"name\":\"Offices for Academic Recognition of Foreign Higher Qualifications - AZVO\",\"isPartOf\":{\"@id\":\"https:\/\/www.azvo.hr\/#website\"},\"datePublished\":\"2024-03-20T07:23:03+00:00\",\"dateModified\":\"2024-07-04T09:36:07+00:00\",\"breadcrumb\":{\"@id\":\"https:\/\/www.azvo.hr\/en\/offices-for-academic-recognition-of-foreign-higher-qualifications\/#breadcrumb\"},\"inLanguage\":\"en-GB\",\"potentialAction\":[{\"@type\":\"ReadAction\",\"target\":[\"https:\/\/www.azvo.hr\/en\/offices-for-academic-recognition-of-foreign-higher-qualifications\/\"]}]},{\"@type\":\"BreadcrumbList\",\"@id\":\"https:\/\/www.azvo.hr\/en\/offices-for-academic-recognition-of-foreign-higher-qualifications\/#breadcrumb\",\"itemListElement\":[{\"@type\":\"ListItem\",\"position\":1,\"name\":\"Po\u010detna stranica\",\"item\":\"https:\/\/www.azvo.hr\/en\/\"},{\"@type\":\"ListItem\",\"position\":2,\"name\":\"Offices for Academic Recognition of Foreign Higher Qualifications\"}]},{\"@type\":\"WebSite\",\"@id\":\"https:\/\/www.azvo.hr\/#website\",\"url\":\"https:\/\/www.azvo.hr\/\",\"name\":\"AZVO\",\"description\":\"Agencija za znanje i visoko obrazovanje\",\"potentialAction\":[{\"@type\":\"SearchAction\",\"target\":{\"@type\":\"EntryPoint\",\"urlTemplate\":\"https:\/\/www.azvo.hr\/?s={search_term_string}\"},\"query-input\":\"required name=search_term_string\"}],\"inLanguage\":\"en-GB\"}]}<\/script>\n<!-- \/ Yoast SEO plugin. -->","yoast_head_json":{"title":"Offices for Academic Recognition of Foreign Higher Qualifications - AZVO","robots":{"index":"index","follow":"follow","max-snippet":"max-snippet:-1","max-image-preview":"max-image-preview:large","max-video-preview":"max-video-preview:-1"},"canonical":"https:\/\/www.azvo.hr\/en\/offices-for-academic-recognition-of-foreign-higher-qualifications\/","og_locale":"en_GB","og_type":"article","og_title":"Offices for Academic Recognition of Foreign Higher Qualifications - AZVO","og_description":"University of Zagreb Office for Academic Recognition of Foreign Higher Qualifications Ulica Radoslava Cimermana 88, HR \u2013 10000 Zagreb tel: 01 4564 180, 01 4564 272 e-mail:akadured@unizg.hr contact: Davor Mavri\u0107 Josip Juraj Strossmayer University of Osijek Office for Academic Recognition of Foreign Higher Qualifications Cara Hadrijana 10c, 31000 Osijek, tel: 031 224 183, 031 224 &hellip; Continued","og_url":"https:\/\/www.azvo.hr\/en\/offices-for-academic-recognition-of-foreign-higher-qualifications\/","og_site_name":"AZVO","article_modified_time":"2024-07-04T09:36:07+00:00","twitter_card":"summary_large_image","twitter_misc":{"Estimated reading time":"2 minutes"},"schema":{"@context":"https:\/\/schema.org","@graph":[{"@type":"WebPage","@id":"https:\/\/www.azvo.hr\/en\/offices-for-academic-recognition-of-foreign-higher-qualifications\/","url":"https:\/\/www.azvo.hr\/en\/offices-for-academic-recognition-of-foreign-higher-qualifications\/","name":"Offices for Academic Recognition of Foreign Higher Qualifications - AZVO","isPartOf":{"@id":"https:\/\/www.azvo.hr\/#website"},"datePublished":"2024-03-20T07:23:03+00:00","dateModified":"2024-07-04T09:36:07+00:00","breadcrumb":{"@id":"https:\/\/www.azvo.hr\/en\/offices-for-academic-recognition-of-foreign-higher-qualifications\/#breadcrumb"},"inLanguage":"en-GB","potentialAction":[{"@type":"ReadAction","target":["https:\/\/www.azvo.hr\/en\/offices-for-academic-recognition-of-foreign-higher-qualifications\/"]}]},{"@type":"BreadcrumbList","@id":"https:\/\/www.azvo.hr\/en\/offices-for-academic-recognition-of-foreign-higher-qualifications\/#breadcrumb","itemListElement":[{"@type":"ListItem","position":1,"name":"Po\u010detna stranica","item":"https:\/\/www.azvo.hr\/en\/"},{"@type":"ListItem","position":2,"name":"Offices for Academic Recognition of Foreign Higher Qualifications"}]},{"@type":"WebSite","@id":"https:\/\/www.azvo.hr\/#website","url":"https:\/\/www.azvo.hr\/","name":"AZVO","description":"Agencija za znanje i visoko obrazovanje","potentialAction":[{"@type":"SearchAction","target":{"@type":"EntryPoint","urlTemplate":"https:\/\/www.azvo.hr\/?s={search_term_string}"},"query-input":"required name=search_term_string"}],"inLanguage":"en-GB"}]}},"_links":{"self":[{"href":"https:\/\/www.azvo.hr\/en\/wp-json\/wp\/v2\/pages\/24032"}],"collection":[{"href":"https:\/\/www.azvo.hr\/en\/wp-json\/wp\/v2\/pages"}],"about":[{"href":"https:\/\/www.azvo.hr\/en\/wp-json\/wp\/v2\/types\/page"}],"author":[{"embeddable":true,"href":"https:\/\/www.azvo.hr\/en\/wp-json\/wp\/v2\/users\/174"}],"replies":[{"embeddable":true,"href":"https:\/\/www.azvo.hr\/en\/wp-json\/wp\/v2\/comments?post=24032"}],"version-history":[{"count":1,"href":"https:\/\/www.azvo.hr\/en\/wp-json\/wp\/v2\/pages\/24032\/revisions"}],"predecessor-version":[{"id":24033,"href":"https:\/\/www.azvo.hr\/en\/wp-json\/wp\/v2\/pages\/24032\/revisions\/24033"}],"wp:attachment":[{"href":"https:\/\/www.azvo.hr\/en\/wp-json\/wp\/v2\/media?parent=24032"}],"curies":[{"name":"wp","href":"https:\/\/api.w.org\/{rel}","templated":true}]}}