{"id":19966,"date":"2023-11-10T15:11:53","date_gmt":"2023-11-10T14:11:53","guid":{"rendered":"https:\/\/azvo.borealis.biz\/?page_id=19966"},"modified":"2024-01-29T13:53:48","modified_gmt":"2024-01-29T12:53:48","slug":"research-on-employment-rate-of-graduate-students-who-finished-their-studies-in-academic-year-2019-2020","status":"publish","type":"page","link":"https:\/\/www.azvo.hr\/en\/publications-and-analyses\/tracking-employment-of-graduate-students\/research-on-employment-rate-of-graduate-students-who-finished-their-studies-in-academic-year-2019-2020\/","title":{"rendered":"Research on Employment Rate of Graduate Students who Finished their Studies in Academic Year 2019\/2020"},"content":{"rendered":"","protected":false},"excerpt":{"rendered":"","protected":false},"author":169,"featured_media":19622,"parent":19948,"menu_order":1,"comment_status":"closed","ping_status":"closed","template":"","meta":{"_acf_changed":false,"inline_featured_image":false,"footnotes":""},"acf":[],"yoast_head":"<!-- This site is optimized with the Yoast SEO plugin v22.4 - https:\/\/yoast.com\/wordpress\/plugins\/seo\/ -->\n<title>Research on Employment Rate of Graduate Students who Finished their Studies in Academic Year 2019\/2020 - AZVO<\/title>\n<meta name=\"robots\" content=\"index, follow, max-snippet:-1, max-image-preview:large, max-video-preview:-1\" \/>\n<link rel=\"canonical\" href=\"https:\/\/www.azvo.hr\/en\/publications-and-analyses\/tracking-employment-of-graduate-students\/research-on-employment-rate-of-graduate-students-who-finished-their-studies-in-academic-year-2019-2020\/\" \/>\n<meta property=\"og:locale\" content=\"en_GB\" \/>\n<meta property=\"og:type\" content=\"article\" \/>\n<meta property=\"og:title\" content=\"Research on Employment Rate of Graduate Students who Finished their Studies in Academic Year 2019\/2020 - AZVO\" \/>\n<meta property=\"og:url\" content=\"https:\/\/www.azvo.hr\/en\/publications-and-analyses\/tracking-employment-of-graduate-students\/research-on-employment-rate-of-graduate-students-who-finished-their-studies-in-academic-year-2019-2020\/\" \/>\n<meta property=\"og:site_name\" content=\"AZVO\" \/>\n<meta property=\"article:modified_time\" content=\"2024-01-29T12:53:48+00:00\" \/>\n<meta property=\"og:image\" content=\"https:\/\/www.azvo.hr\/wp-azvo-files\/uploads\/2024\/01\/sazetak_4_nac_istr.png\" \/>\n\t<meta property=\"og:image:width\" content=\"1166\" \/>\n\t<meta property=\"og:image:height\" content=\"806\" \/>\n\t<meta property=\"og:image:type\" content=\"image\/png\" \/>\n<meta name=\"twitter:card\" content=\"summary_large_image\" \/>\n<script type=\"application\/ld+json\" class=\"yoast-schema-graph\">{\"@context\":\"https:\/\/schema.org\",\"@graph\":[{\"@type\":\"WebPage\",\"@id\":\"https:\/\/www.azvo.hr\/en\/publications-and-analyses\/tracking-employment-of-graduate-students\/research-on-employment-rate-of-graduate-students-who-finished-their-studies-in-academic-year-2019-2020\/\",\"url\":\"https:\/\/www.azvo.hr\/en\/publications-and-analyses\/tracking-employment-of-graduate-students\/research-on-employment-rate-of-graduate-students-who-finished-their-studies-in-academic-year-2019-2020\/\",\"name\":\"Research on Employment Rate of Graduate Students who Finished their Studies in Academic Year 2019\/2020 - AZVO\",\"isPartOf\":{\"@id\":\"https:\/\/www.azvo.hr\/#website\"},\"primaryImageOfPage\":{\"@id\":\"https:\/\/www.azvo.hr\/en\/publications-and-analyses\/tracking-employment-of-graduate-students\/research-on-employment-rate-of-graduate-students-who-finished-their-studies-in-academic-year-2019-2020\/#primaryimage\"},\"image\":{\"@id\":\"https:\/\/www.azvo.hr\/en\/publications-and-analyses\/tracking-employment-of-graduate-students\/research-on-employment-rate-of-graduate-students-who-finished-their-studies-in-academic-year-2019-2020\/#primaryimage\"},\"thumbnailUrl\":\"https:\/\/www.azvo.hr\/wp-azvo-files\/uploads\/2024\/01\/sazetak_4_nac_istr.png\",\"datePublished\":\"2023-11-10T14:11:53+00:00\",\"dateModified\":\"2024-01-29T12:53:48+00:00\",\"breadcrumb\":{\"@id\":\"https:\/\/www.azvo.hr\/en\/publications-and-analyses\/tracking-employment-of-graduate-students\/research-on-employment-rate-of-graduate-students-who-finished-their-studies-in-academic-year-2019-2020\/#breadcrumb\"},\"inLanguage\":\"en-GB\",\"potentialAction\":[{\"@type\":\"ReadAction\",\"target\":[\"https:\/\/www.azvo.hr\/en\/publications-and-analyses\/tracking-employment-of-graduate-students\/research-on-employment-rate-of-graduate-students-who-finished-their-studies-in-academic-year-2019-2020\/\"]}]},{\"@type\":\"ImageObject\",\"inLanguage\":\"en-GB\",\"@id\":\"https:\/\/www.azvo.hr\/en\/publications-and-analyses\/tracking-employment-of-graduate-students\/research-on-employment-rate-of-graduate-students-who-finished-their-studies-in-academic-year-2019-2020\/#primaryimage\",\"url\":\"https:\/\/www.azvo.hr\/wp-azvo-files\/uploads\/2024\/01\/sazetak_4_nac_istr.png\",\"contentUrl\":\"https:\/\/www.azvo.hr\/wp-azvo-files\/uploads\/2024\/01\/sazetak_4_nac_istr.png\",\"width\":1166,\"height\":806,\"caption\":\"Sa\u017eetak \u010detvrtog nacionalnog istra\u017eivanja o zapo\u0161ljivosti diplomiranih studeanata\"},{\"@type\":\"BreadcrumbList\",\"@id\":\"https:\/\/www.azvo.hr\/en\/publications-and-analyses\/tracking-employment-of-graduate-students\/research-on-employment-rate-of-graduate-students-who-finished-their-studies-in-academic-year-2019-2020\/#breadcrumb\",\"itemListElement\":[{\"@type\":\"ListItem\",\"position\":1,\"name\":\"Po\u010detna stranica\",\"item\":\"https:\/\/www.azvo.hr\/en\/\"},{\"@type\":\"ListItem\",\"position\":2,\"name\":\"Publications and analyses\",\"item\":\"https:\/\/www.azvo.hr\/en\/publications-and-analyses\/\"},{\"@type\":\"ListItem\",\"position\":3,\"name\":\"Tracking Employment of Graduate Students\",\"item\":\"https:\/\/www.azvo.hr\/en\/publications-and-analyses\/tracking-employment-of-graduate-students\/\"},{\"@type\":\"ListItem\",\"position\":4,\"name\":\"Research on Employment Rate of Graduate Students who Finished their Studies in Academic Year 2019\/2020\"}]},{\"@type\":\"WebSite\",\"@id\":\"https:\/\/www.azvo.hr\/#website\",\"url\":\"https:\/\/www.azvo.hr\/\",\"name\":\"AZVO\",\"description\":\"Agencija za znanje i visoko obrazovanje\",\"potentialAction\":[{\"@type\":\"SearchAction\",\"target\":{\"@type\":\"EntryPoint\",\"urlTemplate\":\"https:\/\/www.azvo.hr\/?s={search_term_string}\"},\"query-input\":\"required name=search_term_string\"}],\"inLanguage\":\"en-GB\"}]}<\/script>\n<!-- \/ Yoast SEO plugin. -->","yoast_head_json":{"title":"Research on Employment Rate of Graduate Students who Finished their Studies in Academic Year 2019\/2020 - AZVO","robots":{"index":"index","follow":"follow","max-snippet":"max-snippet:-1","max-image-preview":"max-image-preview:large","max-video-preview":"max-video-preview:-1"},"canonical":"https:\/\/www.azvo.hr\/en\/publications-and-analyses\/tracking-employment-of-graduate-students\/research-on-employment-rate-of-graduate-students-who-finished-their-studies-in-academic-year-2019-2020\/","og_locale":"en_GB","og_type":"article","og_title":"Research on Employment Rate of Graduate Students who Finished their Studies in Academic Year 2019\/2020 - AZVO","og_url":"https:\/\/www.azvo.hr\/en\/publications-and-analyses\/tracking-employment-of-graduate-students\/research-on-employment-rate-of-graduate-students-who-finished-their-studies-in-academic-year-2019-2020\/","og_site_name":"AZVO","article_modified_time":"2024-01-29T12:53:48+00:00","og_image":[{"width":1166,"height":806,"url":"https:\/\/www.azvo.hr\/wp-azvo-files\/uploads\/2024\/01\/sazetak_4_nac_istr.png","type":"image\/png"}],"twitter_card":"summary_large_image","schema":{"@context":"https:\/\/schema.org","@graph":[{"@type":"WebPage","@id":"https:\/\/www.azvo.hr\/en\/publications-and-analyses\/tracking-employment-of-graduate-students\/research-on-employment-rate-of-graduate-students-who-finished-their-studies-in-academic-year-2019-2020\/","url":"https:\/\/www.azvo.hr\/en\/publications-and-analyses\/tracking-employment-of-graduate-students\/research-on-employment-rate-of-graduate-students-who-finished-their-studies-in-academic-year-2019-2020\/","name":"Research on Employment Rate of Graduate Students who Finished their Studies in Academic Year 2019\/2020 - AZVO","isPartOf":{"@id":"https:\/\/www.azvo.hr\/#website"},"primaryImageOfPage":{"@id":"https:\/\/www.azvo.hr\/en\/publications-and-analyses\/tracking-employment-of-graduate-students\/research-on-employment-rate-of-graduate-students-who-finished-their-studies-in-academic-year-2019-2020\/#primaryimage"},"image":{"@id":"https:\/\/www.azvo.hr\/en\/publications-and-analyses\/tracking-employment-of-graduate-students\/research-on-employment-rate-of-graduate-students-who-finished-their-studies-in-academic-year-2019-2020\/#primaryimage"},"thumbnailUrl":"https:\/\/www.azvo.hr\/wp-azvo-files\/uploads\/2024\/01\/sazetak_4_nac_istr.png","datePublished":"2023-11-10T14:11:53+00:00","dateModified":"2024-01-29T12:53:48+00:00","breadcrumb":{"@id":"https:\/\/www.azvo.hr\/en\/publications-and-analyses\/tracking-employment-of-graduate-students\/research-on-employment-rate-of-graduate-students-who-finished-their-studies-in-academic-year-2019-2020\/#breadcrumb"},"inLanguage":"en-GB","potentialAction":[{"@type":"ReadAction","target":["https:\/\/www.azvo.hr\/en\/publications-and-analyses\/tracking-employment-of-graduate-students\/research-on-employment-rate-of-graduate-students-who-finished-their-studies-in-academic-year-2019-2020\/"]}]},{"@type":"ImageObject","inLanguage":"en-GB","@id":"https:\/\/www.azvo.hr\/en\/publications-and-analyses\/tracking-employment-of-graduate-students\/research-on-employment-rate-of-graduate-students-who-finished-their-studies-in-academic-year-2019-2020\/#primaryimage","url":"https:\/\/www.azvo.hr\/wp-azvo-files\/uploads\/2024\/01\/sazetak_4_nac_istr.png","contentUrl":"https:\/\/www.azvo.hr\/wp-azvo-files\/uploads\/2024\/01\/sazetak_4_nac_istr.png","width":1166,"height":806,"caption":"Sa\u017eetak \u010detvrtog nacionalnog istra\u017eivanja o zapo\u0161ljivosti diplomiranih studeanata"},{"@type":"BreadcrumbList","@id":"https:\/\/www.azvo.hr\/en\/publications-and-analyses\/tracking-employment-of-graduate-students\/research-on-employment-rate-of-graduate-students-who-finished-their-studies-in-academic-year-2019-2020\/#breadcrumb","itemListElement":[{"@type":"ListItem","position":1,"name":"Po\u010detna stranica","item":"https:\/\/www.azvo.hr\/en\/"},{"@type":"ListItem","position":2,"name":"Publications and analyses","item":"https:\/\/www.azvo.hr\/en\/publications-and-analyses\/"},{"@type":"ListItem","position":3,"name":"Tracking Employment of Graduate Students","item":"https:\/\/www.azvo.hr\/en\/publications-and-analyses\/tracking-employment-of-graduate-students\/"},{"@type":"ListItem","position":4,"name":"Research on Employment Rate of Graduate Students who Finished their Studies in Academic Year 2019\/2020"}]},{"@type":"WebSite","@id":"https:\/\/www.azvo.hr\/#website","url":"https:\/\/www.azvo.hr\/","name":"AZVO","description":"Agencija za znanje i visoko obrazovanje","potentialAction":[{"@type":"SearchAction","target":{"@type":"EntryPoint","urlTemplate":"https:\/\/www.azvo.hr\/?s={search_term_string}"},"query-input":"required name=search_term_string"}],"inLanguage":"en-GB"}]}},"_links":{"self":[{"href":"https:\/\/www.azvo.hr\/en\/wp-json\/wp\/v2\/pages\/19966"}],"collection":[{"href":"https:\/\/www.azvo.hr\/en\/wp-json\/wp\/v2\/pages"}],"about":[{"href":"https:\/\/www.azvo.hr\/en\/wp-json\/wp\/v2\/types\/page"}],"author":[{"embeddable":true,"href":"https:\/\/www.azvo.hr\/en\/wp-json\/wp\/v2\/users\/169"}],"replies":[{"embeddable":true,"href":"https:\/\/www.azvo.hr\/en\/wp-json\/wp\/v2\/comments?post=19966"}],"version-history":[{"count":1,"href":"https:\/\/www.azvo.hr\/en\/wp-json\/wp\/v2\/pages\/19966\/revisions"}],"predecessor-version":[{"id":19967,"href":"https:\/\/www.azvo.hr\/en\/wp-json\/wp\/v2\/pages\/19966\/revisions\/19967"}],"up":[{"embeddable":true,"href":"https:\/\/www.azvo.hr\/en\/wp-json\/wp\/v2\/pages\/19948"}],"wp:featuredmedia":[{"embeddable":true,"href":"https:\/\/www.azvo.hr\/en\/wp-json\/wp\/v2\/media\/19622"}],"wp:attachment":[{"href":"https:\/\/www.azvo.hr\/en\/wp-json\/wp\/v2\/media?parent=19966"}],"curies":[{"name":"wp","href":"https:\/\/api.w.org\/{rel}","templated":true}]}}