{"id":19691,"date":"2023-12-19T13:53:48","date_gmt":"2023-12-19T12:53:48","guid":{"rendered":"https:\/\/azvo.borealis.biz\/?page_id=19691"},"modified":"2024-08-07T14:04:53","modified_gmt":"2024-08-07T12:04:53","slug":"the-complaints-committee","status":"publish","type":"page","link":"https:\/\/www.azvo.hr\/en\/about-agency\/organization-structure\/the-complaints-committee\/","title":{"rendered":"The Complaints Committee"},"content":{"rendered":"<div class=\"wp-block-lead-text mb-40 lg:mb-60 lg:-mt-[8rem]\">\n  <p class=\"font-serif text-xl sm:text-2xl leading-normal\">The Complaints Committee (hereinafter referred to as the Committee) is an expert Agency body which takes decisions in cases of complaints submitted in the course of external evaluation procedures. A complaint may be submitted to the Committee following a reasoned proposal of the Accreditation Council, within 30 days of receiving the reasoned proposal. <\/p>\n<\/div>\n\n\n<p class=\"mb-10 text-base leading-normal\">\n  \nThe Committee is composed of seven members appointed by the National Council for Higher Education, Science and Technological Development for a four-year term from among full professors or full professors with tenure and from among students. The members are independent in their work, do not represent their respective institutions and must not have a conflict of interest.\u00a0<br>\n\n<\/p>\n\n\n<p class=\"mb-10 text-base leading-normal\">\n  \nThe National Council for Higher Education, Science and Technological Development appointed the following members of the Committee at its session held on 5 December 2023:&nbsp;<br>\n\n<\/p>\n\n\n<p class=\"mb-10 text-base leading-normal\">\n  \nFrom among full professors or full professors with tenure in the legal profession:\n\n<\/p>\n\n\n<p class=\"mb-10 text-base leading-normal\">\n  \n\n\n<\/p>\n\n\n<p class=\"mb-10 text-base leading-normal\">\n  \n<strong>Prof. Nata\u0161a \u017duni\u0107 Kova\u010devi\u0107, Ph.D.<\/strong> \u2013 elected at the proposal of the University of Rijeka Faculty of Law, Chair,\n\n<\/p>\n\n\n<p class=\"mb-10 text-base leading-normal\">\n  \n\n\n<\/p>\n\n\n<p class=\"mb-10 text-base leading-normal\">\n  \n<strong>Prof. Sa\u0161a Nik\u0161i\u0107, Ph.D. <\/strong>\u2013 elected at the proposal of the University of Zagreb Faculty of Law.\n\n<\/p>\n\n\n<p class=\"mb-10 text-base leading-normal\">\n  \n\n\n<\/p>\n\n\n<p class=\"mb-10 text-base leading-normal\">\n  \nFrom among full professors or full professors with tenure:\n\n<\/p>\n\n\n<p class=\"mb-10 text-base leading-normal\">\n  \n\n\n<\/p>\n\n\n<p class=\"mb-10 text-base leading-normal\">\n  \n<strong>Prof. Vi\u0161nja Vrdoljak, Ph.D. <\/strong>\u2013 elected at the proposal of the University of Zagreb Faculty of Science,\n\n<\/p>\n\n\n<p class=\"mb-10 text-base leading-normal\">\n  \n<strong>Prof. Marina Dabi\u0107, Ph.D.<\/strong> \u2013 elected at the proposal of the University of Zagreb Faculty of Economics and Business,\n\n<\/p>\n\n\n<p class=\"mb-10 text-base leading-normal\">\n  \n<strong>Prof. Snje\u017eana Rimac-Drlje, Ph.D.<\/strong> \u2013 elected at the proposal of the Faculty of Electrical Engineering, Computer Science and Information Technology, Josip Juraj Strossmayer University of Osijek.\n\n<\/p>\n\n\n<p class=\"mb-10 text-base leading-normal\">\n  \n\n\n<\/p>\n\n\n<p class=\"mb-10 text-base leading-normal\">\n  \nFrom among professors of professional studies:\n\n<\/p>\n\n\n<p class=\"mb-10 text-base leading-normal\">\n  \n<strong>Dragan Zlatovi\u0107, Ph.D., prof. of professional studies<\/strong> \u2013 elected at the proposal of the \u0160ibenik University of Applied Sciences.\n\n<\/p>\n\n\n<p class=\"mb-10 text-base leading-normal\">\n  \n\n\n<\/p>\n\n\n<p class=\"mb-10 text-base leading-normal\">\n  \nThe National Council for Higher Education, Science and Technological Development appointed a student member of the Committee from among full-time students at its session held on 6 February 2024:&nbsp;\n\n<\/p>\n\n\n<p class=\"mb-10 text-base leading-normal\">\n  \n<strong>Filip Kotromanovi\u0107, full-time student<\/strong>, University of Zagreb Faculty of Economics and Business.&nbsp;\n\n<\/p>\n","protected":false},"excerpt":{"rendered":"<p>The Committee is composed of seven members appointed by the National Council for Higher Education, Science and Technological Development for a four-year term from among full professors or full professors with tenure and from among students. The members are independent in their work, do not represent their respective institutions and must not have a conflict &hellip; <a href=\"https:\/\/www.azvo.hr\/en\/about-agency\/organization-structure\/the-complaints-committee\/\">Continued<\/a><\/p>\n","protected":false},"author":169,"featured_media":0,"parent":19684,"menu_order":3,"comment_status":"closed","ping_status":"closed","template":"","meta":{"_acf_changed":false,"inline_featured_image":false,"footnotes":""},"acf":[],"yoast_head":"<!-- This site is optimized with the Yoast SEO plugin v22.4 - https:\/\/yoast.com\/wordpress\/plugins\/seo\/ -->\n<title>The Complaints Committee - AZVO<\/title>\n<meta name=\"robots\" content=\"index, follow, max-snippet:-1, max-image-preview:large, max-video-preview:-1\" \/>\n<link rel=\"canonical\" href=\"https:\/\/www.azvo.hr\/en\/about-agency\/organization-structure\/the-complaints-committee\/\" \/>\n<meta property=\"og:locale\" content=\"en_GB\" \/>\n<meta property=\"og:type\" content=\"article\" \/>\n<meta property=\"og:title\" content=\"The Complaints Committee - AZVO\" \/>\n<meta property=\"og:description\" content=\"The Committee is composed of seven members appointed by the National Council for Higher Education, Science and Technological Development for a four-year term from among full professors or full professors with tenure and from among students. The members are independent in their work, do not represent their respective institutions and must not have a conflict &hellip; Continued\" \/>\n<meta property=\"og:url\" content=\"https:\/\/www.azvo.hr\/en\/about-agency\/organization-structure\/the-complaints-committee\/\" \/>\n<meta property=\"og:site_name\" content=\"AZVO\" \/>\n<meta property=\"article:modified_time\" content=\"2024-08-07T12:04:53+00:00\" \/>\n<meta name=\"twitter:card\" content=\"summary_large_image\" \/>\n<meta name=\"twitter:label1\" content=\"Estimated reading time\" \/>\n\t<meta name=\"twitter:data1\" content=\"2 minutes\" \/>\n<script type=\"application\/ld+json\" class=\"yoast-schema-graph\">{\"@context\":\"https:\/\/schema.org\",\"@graph\":[{\"@type\":\"WebPage\",\"@id\":\"https:\/\/www.azvo.hr\/en\/about-agency\/organization-structure\/the-complaints-committee\/\",\"url\":\"https:\/\/www.azvo.hr\/en\/about-agency\/organization-structure\/the-complaints-committee\/\",\"name\":\"The Complaints Committee - AZVO\",\"isPartOf\":{\"@id\":\"https:\/\/www.azvo.hr\/#website\"},\"datePublished\":\"2023-12-19T12:53:48+00:00\",\"dateModified\":\"2024-08-07T12:04:53+00:00\",\"breadcrumb\":{\"@id\":\"https:\/\/www.azvo.hr\/en\/about-agency\/organization-structure\/the-complaints-committee\/#breadcrumb\"},\"inLanguage\":\"en-GB\",\"potentialAction\":[{\"@type\":\"ReadAction\",\"target\":[\"https:\/\/www.azvo.hr\/en\/about-agency\/organization-structure\/the-complaints-committee\/\"]}]},{\"@type\":\"BreadcrumbList\",\"@id\":\"https:\/\/www.azvo.hr\/en\/about-agency\/organization-structure\/the-complaints-committee\/#breadcrumb\",\"itemListElement\":[{\"@type\":\"ListItem\",\"position\":1,\"name\":\"Po\u010detna stranica\",\"item\":\"https:\/\/www.azvo.hr\/en\/\"},{\"@type\":\"ListItem\",\"position\":2,\"name\":\"About the Agency for science and higher education\",\"item\":\"https:\/\/www.azvo.hr\/en\/about-agency\/\"},{\"@type\":\"ListItem\",\"position\":3,\"name\":\"Organization structure\",\"item\":\"https:\/\/www.azvo.hr\/en\/about-agency\/organization-structure\/\"},{\"@type\":\"ListItem\",\"position\":4,\"name\":\"The Complaints Committee\"}]},{\"@type\":\"WebSite\",\"@id\":\"https:\/\/www.azvo.hr\/#website\",\"url\":\"https:\/\/www.azvo.hr\/\",\"name\":\"AZVO\",\"description\":\"Agencija za znanje i visoko obrazovanje\",\"potentialAction\":[{\"@type\":\"SearchAction\",\"target\":{\"@type\":\"EntryPoint\",\"urlTemplate\":\"https:\/\/www.azvo.hr\/?s={search_term_string}\"},\"query-input\":\"required name=search_term_string\"}],\"inLanguage\":\"en-GB\"}]}<\/script>\n<!-- \/ Yoast SEO plugin. -->","yoast_head_json":{"title":"The Complaints Committee - AZVO","robots":{"index":"index","follow":"follow","max-snippet":"max-snippet:-1","max-image-preview":"max-image-preview:large","max-video-preview":"max-video-preview:-1"},"canonical":"https:\/\/www.azvo.hr\/en\/about-agency\/organization-structure\/the-complaints-committee\/","og_locale":"en_GB","og_type":"article","og_title":"The Complaints Committee - AZVO","og_description":"The Committee is composed of seven members appointed by the National Council for Higher Education, Science and Technological Development for a four-year term from among full professors or full professors with tenure and from among students. The members are independent in their work, do not represent their respective institutions and must not have a conflict &hellip; Continued","og_url":"https:\/\/www.azvo.hr\/en\/about-agency\/organization-structure\/the-complaints-committee\/","og_site_name":"AZVO","article_modified_time":"2024-08-07T12:04:53+00:00","twitter_card":"summary_large_image","twitter_misc":{"Estimated reading time":"2 minutes"},"schema":{"@context":"https:\/\/schema.org","@graph":[{"@type":"WebPage","@id":"https:\/\/www.azvo.hr\/en\/about-agency\/organization-structure\/the-complaints-committee\/","url":"https:\/\/www.azvo.hr\/en\/about-agency\/organization-structure\/the-complaints-committee\/","name":"The Complaints Committee - AZVO","isPartOf":{"@id":"https:\/\/www.azvo.hr\/#website"},"datePublished":"2023-12-19T12:53:48+00:00","dateModified":"2024-08-07T12:04:53+00:00","breadcrumb":{"@id":"https:\/\/www.azvo.hr\/en\/about-agency\/organization-structure\/the-complaints-committee\/#breadcrumb"},"inLanguage":"en-GB","potentialAction":[{"@type":"ReadAction","target":["https:\/\/www.azvo.hr\/en\/about-agency\/organization-structure\/the-complaints-committee\/"]}]},{"@type":"BreadcrumbList","@id":"https:\/\/www.azvo.hr\/en\/about-agency\/organization-structure\/the-complaints-committee\/#breadcrumb","itemListElement":[{"@type":"ListItem","position":1,"name":"Po\u010detna stranica","item":"https:\/\/www.azvo.hr\/en\/"},{"@type":"ListItem","position":2,"name":"About the Agency for science and higher education","item":"https:\/\/www.azvo.hr\/en\/about-agency\/"},{"@type":"ListItem","position":3,"name":"Organization structure","item":"https:\/\/www.azvo.hr\/en\/about-agency\/organization-structure\/"},{"@type":"ListItem","position":4,"name":"The Complaints Committee"}]},{"@type":"WebSite","@id":"https:\/\/www.azvo.hr\/#website","url":"https:\/\/www.azvo.hr\/","name":"AZVO","description":"Agencija za znanje i visoko obrazovanje","potentialAction":[{"@type":"SearchAction","target":{"@type":"EntryPoint","urlTemplate":"https:\/\/www.azvo.hr\/?s={search_term_string}"},"query-input":"required name=search_term_string"}],"inLanguage":"en-GB"}]}},"_links":{"self":[{"href":"https:\/\/www.azvo.hr\/en\/wp-json\/wp\/v2\/pages\/19691"}],"collection":[{"href":"https:\/\/www.azvo.hr\/en\/wp-json\/wp\/v2\/pages"}],"about":[{"href":"https:\/\/www.azvo.hr\/en\/wp-json\/wp\/v2\/types\/page"}],"author":[{"embeddable":true,"href":"https:\/\/www.azvo.hr\/en\/wp-json\/wp\/v2\/users\/169"}],"replies":[{"embeddable":true,"href":"https:\/\/www.azvo.hr\/en\/wp-json\/wp\/v2\/comments?post=19691"}],"version-history":[{"count":11,"href":"https:\/\/www.azvo.hr\/en\/wp-json\/wp\/v2\/pages\/19691\/revisions"}],"predecessor-version":[{"id":24432,"href":"https:\/\/www.azvo.hr\/en\/wp-json\/wp\/v2\/pages\/19691\/revisions\/24432"}],"up":[{"embeddable":true,"href":"https:\/\/www.azvo.hr\/en\/wp-json\/wp\/v2\/pages\/19684"}],"wp:attachment":[{"href":"https:\/\/www.azvo.hr\/en\/wp-json\/wp\/v2\/media?parent=19691"}],"curies":[{"name":"wp","href":"https:\/\/api.w.org\/{rel}","templated":true}]}}