{"id":12220,"date":"2018-02-09T14:11:31","date_gmt":"2018-02-09T13:11:31","guid":{"rendered":"https:\/\/azvo.borealis.biz\/?page_id=12220"},"modified":"2023-10-25T12:46:58","modified_gmt":"2023-10-25T10:46:58","slug":"reports","status":"publish","type":"page","link":"https:\/\/www.azvo.hr\/en\/reports\/","title":{"rendered":"REPORTS"},"content":{"rendered":"<h2 class=\"font-semibold text-2xl xl:text-3xl leading-tight mb-20 mt-60\">ANNUAL REPORT<\/h2>\n\n\n<p class=\"mb-10 text-base leading-normal\">\n  \nIn the first quarter of the year, the Agency for Science and Higher Education publishes the annual report for the previous year in Croatian and English in printed and electronic form. It is part of the annual report and action plan for the current year.\n\n<\/p>\n\n\n<div class=\"my-40 lg:my-60 flex gap-60 flex-col\">\n\n      <!-- Prikaz samo datoteka -->\n  \n      <div class=\"basis-1\/2\">\n      <div class=\"flex gap-5 items-center mb-10\">\n        <svg class=\"w-[1.5rem] h-[1.5rem] stroke-grey dark:stroke-grey-100\" xmlns=\"http:\/\/www.w3.org\/2000\/svg\" fill=\"none\" viewBox=\"0 0 24 24\" stroke-width=\"1.5\" stroke=\"currentColor\" >\n  <path stroke-linecap=\"round\" stroke-linejoin=\"round\" d=\"M18.375 12.739l-7.693 7.693a4.5 4.5 0 01-6.364-6.364l10.94-10.94A3 3 0 1119.5 7.372L8.552 18.32m.009-.01l-.01.01m5.699-9.941l-7.81 7.81a1.5 1.5 0 002.112 2.13\" \/>\n<\/svg>        <h4 class=\"uppercase font-bold text-sm tracking-wide leading-tight\">Files<\/h4>\n      <\/div>\n      <ul class=\"flex flex-col gap-0 divide-y divide-grey-200 dark:divide-grey-700 border-y border-grey-200 dark:border-grey-700\" data-stagger-list>\n              <li>\n          <a href=\"File 1 ID\" target=\"_blank\" class=\"group hover:bg-red-50 dark:hover:bg-red-950 flex justify-between items-center\">\n            <span class=\"py-20 font-semibold text-lg group-hover:text-red dark:group-hover:text-red-500 group-hover:translate-x-15 transition duration-300 block h-full\">File 1<\/span>\n            <div class=\"group-hover:-translate-x-15 transition duration-300 shrink-0\">\n              <span class=\"hidden sm:inline-block text-xs font-bold text-grey-400 dark:opacity-60 tracking-wide mr-10\">PDF | 35KB<\/span>\n            <svg class=\"inline-block w-[1.5rem] h-[1.5rem] stroke-red dark:stroke-red-500\" xmlns=\"http:\/\/www.w3.org\/2000\/svg\" fill=\"none\" viewBox=\"0 0 24 24\" stroke-width=\"1.5\" stroke=\"currentColor\">\n  <path stroke-linecap=\"round\" stroke-linejoin=\"round\" d=\"M3 16.5v2.25A2.25 2.25 0 005.25 21h13.5A2.25 2.25 0 0021 18.75V16.5M16.5 12L12 16.5m0 0L7.5 12m4.5 4.5V3\" \/>\n<\/svg>            <\/div>\n          <\/a>\n        <\/li>\n              <li>\n          <a href=\"File 2 ID\" target=\"_blank\" class=\"group hover:bg-red-50 dark:hover:bg-red-950 flex justify-between items-center\">\n            <span class=\"py-20 font-semibold text-lg group-hover:text-red dark:group-hover:text-red-500 group-hover:translate-x-15 transition duration-300 block h-full\">File 2<\/span>\n            <div class=\"group-hover:-translate-x-15 transition duration-300 shrink-0\">\n              <span class=\"hidden sm:inline-block text-xs font-bold text-grey-400 dark:opacity-60 tracking-wide mr-10\">PDF | 1.1MB<\/span>\n            <svg class=\"inline-block w-[1.5rem] h-[1.5rem] stroke-red dark:stroke-red-500\" xmlns=\"http:\/\/www.w3.org\/2000\/svg\" fill=\"none\" viewBox=\"0 0 24 24\" stroke-width=\"1.5\" stroke=\"currentColor\">\n  <path stroke-linecap=\"round\" stroke-linejoin=\"round\" d=\"M3 16.5v2.25A2.25 2.25 0 005.25 21h13.5A2.25 2.25 0 0021 18.75V16.5M16.5 12L12 16.5m0 0L7.5 12m4.5 4.5V3\" \/>\n<\/svg>            <\/div>\n          <\/a>\n        <\/li>\n              <li>\n          <a href=\"File 3 ID\" target=\"_blank\" class=\"group hover:bg-red-50 dark:hover:bg-red-950 flex justify-between items-center\">\n            <span class=\"py-20 font-semibold text-lg group-hover:text-red dark:group-hover:text-red-500 group-hover:translate-x-15 transition duration-300 block h-full\">File 3<\/span>\n            <div class=\"group-hover:-translate-x-15 transition duration-300 shrink-0\">\n              <span class=\"hidden sm:inline-block text-xs font-bold text-grey-400 dark:opacity-60 tracking-wide mr-10\">PDF | 492KB<\/span>\n            <svg class=\"inline-block w-[1.5rem] h-[1.5rem] stroke-red dark:stroke-red-500\" xmlns=\"http:\/\/www.w3.org\/2000\/svg\" fill=\"none\" viewBox=\"0 0 24 24\" stroke-width=\"1.5\" stroke=\"currentColor\">\n  <path stroke-linecap=\"round\" stroke-linejoin=\"round\" d=\"M3 16.5v2.25A2.25 2.25 0 005.25 21h13.5A2.25 2.25 0 0021 18.75V16.5M16.5 12L12 16.5m0 0L7.5 12m4.5 4.5V3\" \/>\n<\/svg>            <\/div>\n          <\/a>\n        <\/li>\n            <\/ul>\n    <\/div>\n  \n  \n<\/div>\n\n\n<p class=\"mb-10 text-base leading-normal\">\n  \nAgencija za znanost i visoko obrazovanje u prvom kvartalu godine objavljuje godi\u0161nje izvje\u0161\u0107e za prethodnu godinu na hrvatskom i engleskom jeziku u tiskanom i elektroni\u010dkom obliku.\n\n<\/p>\n\n\n<p class=\"mb-10 text-base leading-normal\">\n  \nDio je godi\u0161njeg izvje\u0161\u0107a i plan aktivnosti za teku\u0107u godinu.\n\n<\/p>\n\n\n<p class=\"mb-10 text-base leading-normal\">\n  \nGodi\u0161nje izvje\u0161\u0107e za 2022. godinu (<a href=\"https:\/\/www.azvo.hr\/wp-content\/uploads\/2015\/11\/Godisnje-izvjesce-AZVO-a-za-2022.-i-Plan-aktivnosti-za-2023.-godinu.pdf\">HRV<\/a>&nbsp;\/&nbsp;<a href=\"https:\/\/www.azvo.hr\/wp-content\/uploads\/2015\/11\/ASHE_Annual_Report_2022.pdf\">ENG<\/a>)\n\n<\/p>\n\n\n<p class=\"mb-10 text-base leading-normal\">\n  \nGodi\u0161nje izvje\u0161\u0107e za 2021. godinu (<a href=\"https:\/\/www.azvo.hr\/wp-content\/uploads\/2015\/11\/Godisnje_izvjesce_AZVO-a_2021_HR.pdf\">HRV<\/a>&nbsp;\/&nbsp;<a href=\"https:\/\/www.azvo.hr\/wp-content\/uploads\/2015\/11\/ASHE_Annual_Report_2021_EN.pdf\">ENG<\/a>)&nbsp;\n\n<\/p>\n\n\n<p class=\"mb-10 text-base leading-normal\">\n  \nGodi\u0161nje izvje\u0161\u0107e za 2020. godinu (<a href=\"https:\/\/www.azvo.hr\/wp-content\/uploads\/2015\/11\/GI2020_HR_finalno_10022021.pdf\">HRV<\/a>&nbsp;\/&nbsp;<a href=\"https:\/\/www.azvo.hr\/wp-content\/uploads\/2015\/11\/GI2020_ENG_finalno2.pdf\">ENG<\/a>)&nbsp;\n\n<\/p>\n\n\n<p class=\"mb-10 text-base leading-normal\">\n  \nGodi\u0161nje izvje\u0161\u0107e za 2019. godinu (<a href=\"https:\/\/www.azvo.hr\/wp-content\/uploads\/2015\/11\/AZVO_Godisnje_izvjesce_za_2019._i_Plan_aktivnosti_za_2020.pdf\">HRV<\/a>&nbsp;\/&nbsp;<a href=\"https:\/\/www.azvo.hr\/wp-content\/uploads\/2015\/11\/ASHE_Annual_Report_2019_and_Activity_Plan_2020.pdf\">ENG<\/a>)\n\n<\/p>\n\n\n<p class=\"mb-10 text-base leading-normal\">\n  \nGodi\u0161nje izvje\u0161\u0107e za 2018. godinu (<a href=\"https:\/\/www.azvo.hr\/wp-content\/uploads\/2015\/11\/Azvo_godisnje_izvjesce_2018.pdf\">HRV<\/a>&nbsp;\/&nbsp;<a href=\"https:\/\/www.azvo.hr\/wp-content\/uploads\/2015\/11\/Annual_Report_2018.pdf\">ENG<\/a>)\n\n<\/p>\n\n\n<p class=\"mb-10 text-base leading-normal\">\n  \nGodi\u0161nje izvje\u0161\u0107e za 2017. godinu (<a href=\"https:\/\/www.azvo.hr\/wp-content\/uploads\/2015\/11\/godisnje_izvjesce_2017_HR_web.pdf\">HRV<\/a>&nbsp;\/&nbsp;<a href=\"https:\/\/www.azvo.hr\/wp-content\/uploads\/2015\/11\/godisnje_izvjesce_2017_ENG_web.pdf\">ENG<\/a>)\n\n<\/p>\n\n\n<p class=\"mb-10 text-base leading-normal\">\n  \nGodi\u0161nje izvje\u0161\u0107e za 2016. godinu&nbsp;(<a href=\"https:\/\/www.azvo.hr\/wp-content\/uploads\/2015\/11\/Godisnje_izvjesce_AZVO_2016.pdf\">HRV<\/a>&nbsp;\/&nbsp;<a href=\"https:\/\/www.azvo.hr\/wp-content\/uploads\/2015\/11\/azvo_2017_04_24_eng_web.pdf\">ENG<\/a>)\n\n<\/p>\n\n\n<p class=\"mb-10 text-base leading-normal\">\n  \nGodi\u0161nje izvje\u0161\u0107e za 2015. godinu&nbsp;(<a href=\"https:\/\/www.azvo.hr\/wp-content\/uploads\/2015\/11\/AZVO-godisnje-izvjesce-2016.pdf\">HRV<\/a>&nbsp;\/&nbsp;<a href=\"https:\/\/www.azvo.hr\/wp-content\/uploads\/2015\/11\/ASHE_Annual_Report_2016.pdf\">ENG<\/a>)\n\n<\/p>\n\n\n<p class=\"mb-10 text-base leading-normal\">\n  \nGodi\u0161nje izvje\u0161\u0107e za 2014. godinu&nbsp;(<a href=\"https:\/\/www.azvo.hr\/wp-content\/uploads\/2015\/04\/AZVO-godisnje-izvjesce-2014.pdf\">HRV<\/a>&nbsp;\/&nbsp;<a href=\"https:\/\/www.azvo.hr\/wp-content\/uploads\/2015\/11\/ASHE_Annual_Report_2014.pdf\">ENG<\/a>)\n\n<\/p>\n\n\n<p class=\"mb-10 text-base leading-normal\">\n  \nGodi\u0161nje izvje\u0161\u0107e za 2013. godinu&nbsp;(<a href=\"https:\/\/www.azvo.hr\/wp-content\/uploads\/2015\/11\/AZVO-godisnje-izvjesce-2013.pdf\">HRV<\/a>&nbsp;\/&nbsp;<a href=\"https:\/\/www.azvo.hr\/wp-content\/uploads\/2015\/11\/ASHE_Annual_Report_2013.pdf\">ENG<\/a>)\n\n<\/p>\n\n\n<p class=\"mb-10 text-base leading-normal\">\n  \nGodi\u0161nje izvje\u0161\u0107e za 2012. godinu&nbsp;(<a href=\"https:\/\/www.azvo.hr\/wp-content\/uploads\/2010\/10\/Godisnje-izvjesce-2012.pdf\">HRV<\/a>&nbsp;\/&nbsp;<a href=\"https:\/\/www.azvo.hr\/wp-content\/uploads\/2010\/10\/Annual_report_2012.pdf\">ENG<\/a>)\n\n<\/p>\n\n\n<p class=\"mb-10 text-base leading-normal\">\n  \nGodi\u0161nje izvje\u0161\u0107e za 2011. godinu&nbsp;(<a href=\"https:\/\/www.azvo.hr\/wp-content\/uploads\/2010\/10\/Godinje_izvjee_AZVO_2011.pdf\">HRV<\/a>&nbsp;\/&nbsp;<a href=\"https:\/\/www.azvo.hr\/wp-content\/uploads\/2010\/10\/ASHE_2011.pdf\">ENG<\/a>)\n\n<\/p>\n\n\n<p class=\"mb-10 text-base leading-normal\">\n  \nGodi\u0161nje izvje\u0161\u0107e za 2010. godinu&nbsp;(<a href=\"https:\/\/www.azvo.hr\/wp-content\/uploads\/2010\/10\/AZVO_godinje_izvjee_za_2010.pdf\">HRV<\/a>&nbsp;\/&nbsp;<a href=\"https:\/\/www.azvo.hr\/wp-content\/uploads\/2010\/10\/ASHE_Annual_Report_2010.pdf\">ENG<\/a>)\n\n<\/p>\n\n\n<p class=\"mb-10 text-base leading-normal\">\n  \nGodi\u0161nje izvje\u0161\u0107e za 2009. godinu&nbsp;(<a href=\"https:\/\/www.azvo.hr\/wp-content\/uploads\/2010\/10\/AZVO_Godisnje_izvjesce_za_2009.godinu.pdf\">HRV<\/a>&nbsp;\/&nbsp;<a href=\"https:\/\/www.azvo.hr\/wp-content\/uploads\/2010\/10\/ASHE_Annual_Report_2009.pdf\">ENG<\/a>)\n\n<\/p>\n\n\n<p class=\"mb-10 text-base leading-normal\">\n  \nGodi\u0161nje izvje\u0161\u0107e za 2008. godinu&nbsp;(<a href=\"https:\/\/www.azvo.hr\/wp-content\/uploads\/2010\/10\/Agencija2008.pdf\">HRV<\/a>&nbsp;\/&nbsp;<a href=\"https:\/\/www.azvo.hr\/wp-content\/uploads\/2010\/10\/Agency_for_Science_and_Higher_Education_Report_2008.pdf\">ENG<\/a>)\n\n<\/p>\n\n\n<p class=\"mb-10 text-base leading-normal\">\n  \nGodi\u0161nje izvje\u0161\u0107e za 2007. godinu&nbsp;(<a href=\"https:\/\/www.azvo.hr\/wp-content\/uploads\/2010\/10\/Agencija2007.pdf\">HRV<\/a>&nbsp;\/&nbsp;<a href=\"https:\/\/www.azvo.hr\/wp-content\/uploads\/2010\/10\/Agency_for_Science_and_Higher_Education_Report_2007.pdf\">ENG<\/a>)\n\n<\/p>\n","protected":false},"excerpt":{"rendered":"<p>ANNUAL REPORT In the first quarter of the year, the Agency for Science and Higher Education publishes the annual report for the previous year in Croatian and English in printed and electronic form. It is part of the annual report and action plan for the current year. Agencija za znanost i visoko obrazovanje u prvom &hellip; <a href=\"https:\/\/www.azvo.hr\/en\/reports\/\">Continued<\/a><\/p>\n","protected":false},"author":169,"featured_media":0,"parent":0,"menu_order":6,"comment_status":"open","ping_status":"open","template":"","meta":{"_acf_changed":false,"inline_featured_image":false,"footnotes":""},"acf":[],"yoast_head":"<!-- This site is optimized with the Yoast SEO plugin v22.4 - https:\/\/yoast.com\/wordpress\/plugins\/seo\/ -->\n<title>REPORTS - AZVO<\/title>\n<meta name=\"robots\" content=\"index, follow, max-snippet:-1, max-image-preview:large, max-video-preview:-1\" \/>\n<link rel=\"canonical\" href=\"https:\/\/www.azvo.hr\/izvjesca\/\" \/>\n<meta property=\"og:locale\" content=\"en_GB\" \/>\n<meta property=\"og:type\" content=\"article\" \/>\n<meta property=\"og:title\" content=\"REPORTS - AZVO\" \/>\n<meta property=\"og:description\" content=\"ANNUAL REPORT In the first quarter of the year, the Agency for Science and Higher Education publishes the annual report for the previous year in Croatian and English in printed and electronic form. It is part of the annual report and action plan for the current year. Agencija za znanost i visoko obrazovanje u prvom &hellip; Continued\" \/>\n<meta property=\"og:url\" content=\"https:\/\/www.azvo.hr\/izvjesca\/\" \/>\n<meta property=\"og:site_name\" content=\"AZVO\" \/>\n<meta property=\"article:modified_time\" content=\"2023-10-25T10:46:58+00:00\" \/>\n<meta name=\"twitter:card\" content=\"summary_large_image\" \/>\n<script type=\"application\/ld+json\" class=\"yoast-schema-graph\">{\"@context\":\"https:\/\/schema.org\",\"@graph\":[{\"@type\":\"WebPage\",\"@id\":\"https:\/\/www.azvo.hr\/izvjesca\/\",\"url\":\"https:\/\/www.azvo.hr\/izvjesca\/\",\"name\":\"REPORTS - AZVO\",\"isPartOf\":{\"@id\":\"https:\/\/www.azvo.hr\/#website\"},\"datePublished\":\"2018-02-09T13:11:31+00:00\",\"dateModified\":\"2023-10-25T10:46:58+00:00\",\"breadcrumb\":{\"@id\":\"https:\/\/www.azvo.hr\/izvjesca\/#breadcrumb\"},\"inLanguage\":\"en-GB\",\"potentialAction\":[{\"@type\":\"ReadAction\",\"target\":[\"https:\/\/www.azvo.hr\/izvjesca\/\"]}]},{\"@type\":\"BreadcrumbList\",\"@id\":\"https:\/\/www.azvo.hr\/izvjesca\/#breadcrumb\",\"itemListElement\":[{\"@type\":\"ListItem\",\"position\":1,\"name\":\"Po\u010detna stranica\",\"item\":\"https:\/\/www.azvo.hr\/en\/\"},{\"@type\":\"ListItem\",\"position\":2,\"name\":\"REPORTS\"}]},{\"@type\":\"WebSite\",\"@id\":\"https:\/\/www.azvo.hr\/#website\",\"url\":\"https:\/\/www.azvo.hr\/\",\"name\":\"AZVO\",\"description\":\"Agencija za znanje i visoko obrazovanje\",\"potentialAction\":[{\"@type\":\"SearchAction\",\"target\":{\"@type\":\"EntryPoint\",\"urlTemplate\":\"https:\/\/www.azvo.hr\/?s={search_term_string}\"},\"query-input\":\"required name=search_term_string\"}],\"inLanguage\":\"en-GB\"}]}<\/script>\n<!-- \/ Yoast SEO plugin. -->","yoast_head_json":{"title":"REPORTS - AZVO","robots":{"index":"index","follow":"follow","max-snippet":"max-snippet:-1","max-image-preview":"max-image-preview:large","max-video-preview":"max-video-preview:-1"},"canonical":"https:\/\/www.azvo.hr\/izvjesca\/","og_locale":"en_GB","og_type":"article","og_title":"REPORTS - AZVO","og_description":"ANNUAL REPORT In the first quarter of the year, the Agency for Science and Higher Education publishes the annual report for the previous year in Croatian and English in printed and electronic form. It is part of the annual report and action plan for the current year. Agencija za znanost i visoko obrazovanje u prvom &hellip; Continued","og_url":"https:\/\/www.azvo.hr\/izvjesca\/","og_site_name":"AZVO","article_modified_time":"2023-10-25T10:46:58+00:00","twitter_card":"summary_large_image","schema":{"@context":"https:\/\/schema.org","@graph":[{"@type":"WebPage","@id":"https:\/\/www.azvo.hr\/izvjesca\/","url":"https:\/\/www.azvo.hr\/izvjesca\/","name":"REPORTS - AZVO","isPartOf":{"@id":"https:\/\/www.azvo.hr\/#website"},"datePublished":"2018-02-09T13:11:31+00:00","dateModified":"2023-10-25T10:46:58+00:00","breadcrumb":{"@id":"https:\/\/www.azvo.hr\/izvjesca\/#breadcrumb"},"inLanguage":"en-GB","potentialAction":[{"@type":"ReadAction","target":["https:\/\/www.azvo.hr\/izvjesca\/"]}]},{"@type":"BreadcrumbList","@id":"https:\/\/www.azvo.hr\/izvjesca\/#breadcrumb","itemListElement":[{"@type":"ListItem","position":1,"name":"Po\u010detna stranica","item":"https:\/\/www.azvo.hr\/en\/"},{"@type":"ListItem","position":2,"name":"REPORTS"}]},{"@type":"WebSite","@id":"https:\/\/www.azvo.hr\/#website","url":"https:\/\/www.azvo.hr\/","name":"AZVO","description":"Agencija za znanje i visoko obrazovanje","potentialAction":[{"@type":"SearchAction","target":{"@type":"EntryPoint","urlTemplate":"https:\/\/www.azvo.hr\/?s={search_term_string}"},"query-input":"required name=search_term_string"}],"inLanguage":"en-GB"}]}},"_links":{"self":[{"href":"https:\/\/www.azvo.hr\/en\/wp-json\/wp\/v2\/pages\/12220"}],"collection":[{"href":"https:\/\/www.azvo.hr\/en\/wp-json\/wp\/v2\/pages"}],"about":[{"href":"https:\/\/www.azvo.hr\/en\/wp-json\/wp\/v2\/types\/page"}],"author":[{"embeddable":true,"href":"https:\/\/www.azvo.hr\/en\/wp-json\/wp\/v2\/users\/169"}],"replies":[{"embeddable":true,"href":"https:\/\/www.azvo.hr\/en\/wp-json\/wp\/v2\/comments?post=12220"}],"version-history":[{"count":6,"href":"https:\/\/www.azvo.hr\/en\/wp-json\/wp\/v2\/pages\/12220\/revisions"}],"predecessor-version":[{"id":12233,"href":"https:\/\/www.azvo.hr\/en\/wp-json\/wp\/v2\/pages\/12220\/revisions\/12233"}],"wp:attachment":[{"href":"https:\/\/www.azvo.hr\/en\/wp-json\/wp\/v2\/media?parent=12220"}],"curies":[{"name":"wp","href":"https:\/\/api.w.org\/{rel}","templated":true}]}}